{"id":74134,"date":"2020-02-09T23:27:22","date_gmt":"2020-02-09T22:27:22","guid":{"rendered":"https:\/\/www.derblitzdings.de\/?page_id=74134"},"modified":"2020-03-21T20:12:04","modified_gmt":"2020-03-21T19:12:04","slug":"meine-dienstleistungen-fuer-sie","status":"publish","type":"page","link":"https:\/\/www.derblitzdings.de\/index.php\/meine-dienstleistungen-fuer-sie\/","title":{"rendered":"Meine Dienstleistungen f\u00fcr Sie"},"content":{"rendered":"<p style=\"text-align: center;\"><strong><br \/>Meine Dienstleistungen f\u00fcr Sie beinhalten<br \/>viele <\/strong><strong>Facetten und M\u00f6glichkeiten, ihre Bilder nach ihren pers\u00f6nlichen W\u00fcnschen und Ideen anzufertigen.<\/p>\n<p><\/strong><\/p>\n<p style=\"text-align: center;\"><strong><a href=\"https:\/\/www.derblitzdings.de\/index.php\/shooting\/\" target=\"_blank\" rel=\"noopener noreferrer\">Einzel-,<\/a> <a href=\"https:\/\/www.derblitzdings.de\/index.php\/shooting\/\" target=\"_blank\" rel=\"noopener noreferrer\">Paar-,<\/a> und <a href=\"https:\/\/www.derblitzdings.de\/index.php\/shooting\/\" target=\"_blank\" rel=\"noopener noreferrer\">Familienfotografie<\/a><br \/><\/strong><\/p>\n<p style=\"text-align: center;\"><strong><a href=\"https:\/\/www.derblitzdings.de\/index.php\/business-fotografie\/\" target=\"_blank\" rel=\"noopener noreferrer\">Business,<\/a> &#8211; und <a href=\"https:\/\/www.derblitzdings.de\/index.php\/business-fotografie\/\" target=\"_blank\" rel=\"noopener noreferrer\">Eventfotografie<\/a><\/strong><\/p>\n<p style=\"text-align: center;\"><strong><a href=\"https:\/\/www.derblitzdings.de\/index.php\/hochzeit\/\" target=\"_blank\" rel=\"noopener noreferrer\">Hochzeitsfotografie,<\/a>&#8211; und Serien<\/strong><\/p>\n<p style=\"text-align: center;\"><a href=\"https:\/\/www.derblitzdings.de\/index.php\/weitere-projekte\/\" target=\"_blank\" rel=\"noopener noreferrer\"><strong>Tierfotografie <\/strong><\/a><\/p>\n<p style=\"text-align: center;\"><strong><a href=\"https:\/\/www.derblitzdings.de\/index.php\/weitere-projekte\/\" target=\"_blank\" rel=\"noopener noreferrer\">Architektur,-<\/a> und <a href=\"https:\/\/www.derblitzdings.de\/index.php\/weitere-projekte\/\" target=\"_blank\" rel=\"noopener noreferrer\">Landschaftsfotografie<\/a><\/strong><\/p>\n<p style=\"text-align: center;\"><a href=\"https:\/\/www.derblitzdings.de\/index.php\/weitere-projekte\/\" target=\"_blank\" rel=\"noopener noreferrer\"><strong>Erotikfotografie<\/strong><\/a><\/p>\n<p style=\"text-align: center;\"><strong>Pressefotografie<\/strong><\/p>\n<p style=\"text-align: center;\"><strong><br \/>Alle Preise verstehen sich als Richtwert und k\u00f6nnen individuell auf ihre<\/strong><br \/><strong>Bed\u00fcrfnisse zugeschnitten werden.<\/strong><\/p>\n<p style=\"text-align: center;\"><strong><br \/><\/strong><strong>F\u00fcr n\u00e4here Informationen nehmen<br \/><a href=\"https:\/\/www.derblitzdings.de\/index.php\/kontakt\/\" target=\"_blank\" rel=\"noopener noreferrer\">Kontakt<\/a>\u00a0mit mir auf.<\/p>\n<p><\/strong><\/p>\n","protected":false},"excerpt":{"rendered":"<p>Meine Dienstleistungen f\u00fcr Sie beinhaltenviele Facetten und M\u00f6glichkeiten, ihre Bilder nach ihren pers\u00f6nlichen W\u00fcnschen und Ideen anzufertigen. Einzel-, Paar-, und Familienfotografie Business, &#8211; und Eventfotografie Hochzeitsfotografie,&#8211; und Serien Tierfotografie Architektur,- und Landschaftsfotografie Erotikfotografie Pressefotografie Alle Preise verstehen sich als Richtwert und k\u00f6nnen individuell auf ihreBed\u00fcrfnisse zugeschnitten werden. F\u00fcr n\u00e4here Informationen nehmenKontakt\u00a0mit mir auf.<\/p>\n","protected":false},"author":1,"featured_media":0,"parent":0,"menu_order":0,"comment_status":"closed","ping_status":"closed","template":"","meta":{"footnotes":""},"class_list":["post-74134","page","type-page","status-publish",""],"_links":{"self":[{"href":"https:\/\/www.derblitzdings.de\/index.php\/wp-json\/wp\/v2\/pages\/74134","targetHints":{"allow":["GET"]}}],"collection":[{"href":"https:\/\/www.derblitzdings.de\/index.php\/wp-json\/wp\/v2\/pages"}],"about":[{"href":"https:\/\/www.derblitzdings.de\/index.php\/wp-json\/wp\/v2\/types\/page"}],"author":[{"embeddable":true,"href":"https:\/\/www.derblitzdings.de\/index.php\/wp-json\/wp\/v2\/users\/1"}],"replies":[{"embeddable":true,"href":"https:\/\/www.derblitzdings.de\/index.php\/wp-json\/wp\/v2\/comments?post=74134"}],"version-history":[{"count":24,"href":"https:\/\/www.derblitzdings.de\/index.php\/wp-json\/wp\/v2\/pages\/74134\/revisions"}],"predecessor-version":[{"id":75038,"href":"https:\/\/www.derblitzdings.de\/index.php\/wp-json\/wp\/v2\/pages\/74134\/revisions\/75038"}],"wp:attachment":[{"href":"https:\/\/www.derblitzdings.de\/index.php\/wp-json\/wp\/v2\/media?parent=74134"}],"curies":[{"name":"wp","href":"https:\/\/api.w.org\/{rel}","templated":true}]}}