{"id":74197,"date":"2020-02-12T21:02:47","date_gmt":"2020-02-12T20:02:47","guid":{"rendered":"https:\/\/www.derblitzdings.de\/?page_id=74197"},"modified":"2020-03-20T21:33:07","modified_gmt":"2020-03-20T20:33:07","slug":"business-fotografie","status":"publish","type":"page","link":"https:\/\/www.derblitzdings.de\/index.php\/business-fotografie\/","title":{"rendered":"Business-Fotografie"},"content":{"rendered":"<p>\u00a0<\/p>\n<p>\u00a0<\/p>\n<p style=\"text-align: center;\"><strong><br \/>Sie m\u00f6chten ihre Firmenfeier fotografisch dokumentiert haben?<br \/><\/strong><strong>Sie m\u00f6chten ihren Messeauftritt fotografisch begleitet haben?<br \/><\/strong><strong>Sie m\u00f6chten ihre Firma mit Bildern pr\u00e4sentieren?<br \/>Sie m\u00f6chten eine Bildstrecke ihrer Produkte?<\/strong><\/p>\n<p style=\"text-align: center;\"><strong>Dann buchen Sie bei mir!<\/p>\n<p><\/strong><\/p>\n<p><strong>Folgende Leistungen erhalten Sie:<br \/><\/strong><br \/><strong>&#8211; Vorbesprechung und Beratung nach ihren W\u00fcnschen;<\/strong><br \/><strong>&#8211; die M\u00f6glichkeit individuell ihre W\u00fcnsche vor Ort einzubringen;<\/strong><br \/><strong>&#8211; Aufnahmen mit einem mobilen Studio m\u00f6glich;<\/strong><br \/><strong>&#8211; professionelle Nachbearbeitung der Bilder;<\/strong><br \/><strong>&#8211; Daten stehen f\u00fcr\u00a0pers\u00f6nlichen Download zur Verf\u00fcgung.<\/p>\n<p><\/strong><\/p>\n<p><strong>Je Stunde \u20ac119.- inkl. Nachbearbeitung, (min. 30 Bilder\/Stunde)<\/strong><br \/><strong>Anfahrt bis 30km inklusiv, jeder weitere Kilometer nach Absprache<\/p>\n<p><\/strong><\/p>\n","protected":false},"excerpt":{"rendered":"<p>\u00a0 \u00a0 Sie m\u00f6chten ihre Firmenfeier fotografisch dokumentiert haben?Sie m\u00f6chten ihren Messeauftritt fotografisch begleitet haben?Sie m\u00f6chten ihre Firma mit Bildern pr\u00e4sentieren?Sie m\u00f6chten eine Bildstrecke ihrer Produkte? Dann buchen Sie bei mir! Folgende Leistungen erhalten Sie:&#8211; Vorbesprechung und Beratung nach ihren W\u00fcnschen;&#8211; die M\u00f6glichkeit individuell ihre W\u00fcnsche vor Ort einzubringen;&#8211; Aufnahmen mit einem mobilen Studio m\u00f6glich;&#8211; &hellip;<\/p>\n","protected":false},"author":1,"featured_media":0,"parent":0,"menu_order":0,"comment_status":"closed","ping_status":"closed","template":"","meta":{"footnotes":""},"class_list":["post-74197","page","type-page","status-publish",""],"_links":{"self":[{"href":"https:\/\/www.derblitzdings.de\/index.php\/wp-json\/wp\/v2\/pages\/74197","targetHints":{"allow":["GET"]}}],"collection":[{"href":"https:\/\/www.derblitzdings.de\/index.php\/wp-json\/wp\/v2\/pages"}],"about":[{"href":"https:\/\/www.derblitzdings.de\/index.php\/wp-json\/wp\/v2\/types\/page"}],"author":[{"embeddable":true,"href":"https:\/\/www.derblitzdings.de\/index.php\/wp-json\/wp\/v2\/users\/1"}],"replies":[{"embeddable":true,"href":"https:\/\/www.derblitzdings.de\/index.php\/wp-json\/wp\/v2\/comments?post=74197"}],"version-history":[{"count":48,"href":"https:\/\/www.derblitzdings.de\/index.php\/wp-json\/wp\/v2\/pages\/74197\/revisions"}],"predecessor-version":[{"id":74981,"href":"https:\/\/www.derblitzdings.de\/index.php\/wp-json\/wp\/v2\/pages\/74197\/revisions\/74981"}],"wp:attachment":[{"href":"https:\/\/www.derblitzdings.de\/index.php\/wp-json\/wp\/v2\/media?parent=74197"}],"curies":[{"name":"wp","href":"https:\/\/api.w.org\/{rel}","templated":true}]}}