{"id":76,"date":"2017-03-07T14:52:10","date_gmt":"2017-03-07T14:52:10","guid":{"rendered":"http:\/\/vschlott.v22018056207365801.powersrv.de\/WordPress_01\/?page_id=76"},"modified":"2017-04-06T00:09:18","modified_gmt":"2017-04-05T22:09:18","slug":"ueber-mich","status":"publish","type":"page","link":"https:\/\/www.derblitzdings.de\/index.php\/ueber-mich\/","title":{"rendered":"\u00dcber Mich"},"content":{"rendered":"<p style=\"text-align: center;\"><span style=\"font-family: arial, helvetica, sans-serif; font-size: 14pt;\">Mein Name ist Siegfried und ich m\u00f6chte den Besuchern<\/span><\/p>\n<p style=\"text-align: center;\"><span style=\"font-family: arial, helvetica, sans-serif; font-size: 14pt;\">meiner Seite einen Einblick in die Sicht der Momente zu geben, die ich versuche im Bild festzuhalten.<\/span><\/p>\n<p style=\"text-align: center;\"><span style=\"font-family: arial, helvetica, sans-serif; font-size: 14pt;\">Die Leidenschaft f\u00fcr die Fotografie entwickelte sich schon Anfang der 80er Jahre bei mir.<\/span><\/p>\n<p style=\"text-align: center;\"><span style=\"font-family: arial, helvetica, sans-serif; font-size: 14pt;\">Damals noch mit einer Kleinbildkamera vom Typ Beirette und meistens mit schwarz\/wei\u00df Filmen aus Kostengr\u00fcnden.<\/span><\/p>\n<p style=\"text-align: center;\"><span style=\"font-family: arial, helvetica, sans-serif; font-size: 14pt;\">Danach verliert sich meine Spur im Reich der Fotografie f\u00fcr einige Jahre. Es gab nur gelegentlich mal ein paar Aufnahmen mit dem Kameratyp &#8222;darf ich mal ein Bild mit Deiner Kamera machen&#8220;?<\/span><\/p>\n<p style=\"text-align: center;\"><span style=\"font-family: arial, helvetica, sans-serif; font-size: 14pt;\">Auch lag meine &#8222;Ruhezeit&#8220; an pers\u00f6nlichen Umst\u00e4nden und mangels Equipment.<\/span><\/p>\n<p style=\"text-align: center;\"><span style=\"font-family: arial, helvetica, sans-serif; font-size: 14pt;\">Mitte der 90er Jahre fand ich meinen Weg zur\u00fcck zur Fotografie.<\/span><\/p>\n<p style=\"text-align: center;\"><span style=\"font-family: arial, helvetica, sans-serif; font-size: 14pt;\">Unter Verwendung einer Minolta Dynax 5000i und diversen Objektiven entstanden dann \u00fcber die Jahre bei meinen Auslandaufenthalten eine ganze Anzahl von Aufnahmen.<\/span><\/p>\n<p style=\"text-align: center;\"><span style=\"font-family: arial, helvetica, sans-serif; font-size: 14pt;\">Diese &#8222;analogen Zeiten&#8220; pr\u00e4gen noch heute meine Sicht der Momente, denn damals w\u00e4hlte man einfach noch zielgerichteter aus welches Motiv letztendlich auf Film gebannt wurde.<\/span><\/p>\n<p style=\"text-align: center;\"><span style=\"font-family: arial, helvetica, sans-serif; font-size: 14pt;\">Anfang der 2000er Jahre wagte ich dann den Einstieg in die digitale Fotowelt mit einer Sony Alpha350.<\/span><br \/>\n<span style=\"font-family: arial, helvetica, sans-serif; font-size: 14pt;\"> Ich entschloss mich f\u00fcr die Marke Sony, da ich die Objektive von der Minolta weiterhin verwenden konnte. <\/span><br \/>\n<span style=\"font-family: arial, helvetica, sans-serif; font-size: 14pt;\"> Auf einer Hausmesse eines gro\u00dfen M\u00fcnchner Fotofachgesch\u00e4ftes habe ich dann den ersten Kontakt zu einer Sony Alpha 77.<\/span><br \/>\n<span style=\"font-family: arial, helvetica, sans-serif; font-size: 14pt;\"> Ich &#8222;verliebte&#8220; mich einfach in das spiegellose System dieser Kamera und wusste sofort DIE wird mein!<\/span><br \/>\n<span style=\"font-family: arial, helvetica, sans-serif; font-size: 14pt;\"> Mitte des Jahres 2014 manifestierte sich mein Wunsch nach einer Kamera im Vollformat stetig und zu Beginn des Jahres 2015 war es dann soweit. <\/span><br \/>\n<span style=\"font-family: arial, helvetica, sans-serif; font-size: 14pt;\"> Eine Sony Alpha 99 fand den Weg zu mir.<\/span><\/p>\n<p style=\"text-align: center;\"><span style=\"font-family: arial, helvetica, sans-serif; font-size: 14pt;\">Im Laufe der Jahre erweiterte ich mein Equipment \u00a0um Objektive, Stative, Aufsteckblitze und diverses anderes Zubeh\u00f6r.<\/span><\/p>\n<p style=\"text-align: center;\"><span style=\"font-family: arial, helvetica, sans-serif; font-size: 14pt;\">Meine Sicht der Momente ist weit gef\u00e4chert. Diese finden sich bei Landschaftsaufnahmen, \u00a0bei Hochzeiten, auf Konzerten, auf Messen, in Nachtclubs, bei Veranstaltungen \u00a0und bei verschiedenen anderen Events.<\/span><\/p>\n","protected":false},"excerpt":{"rendered":"<p>Mein Name ist Siegfried und ich m\u00f6chte den Besuchern meiner Seite einen Einblick in die Sicht der Momente zu geben, die ich versuche im Bild festzuhalten. Die Leidenschaft f\u00fcr die Fotografie entwickelte sich schon Anfang der 80er Jahre bei mir. Damals noch mit einer Kleinbildkamera vom Typ Beirette und meistens mit schwarz\/wei\u00df Filmen aus Kostengr\u00fcnden. &hellip;<\/p>\n","protected":false},"author":1,"featured_media":22830,"parent":0,"menu_order":0,"comment_status":"closed","ping_status":"closed","template":"","meta":{"footnotes":""},"class_list":["post-76","page","type-page","status-publish","has-post-thumbnail",""],"_links":{"self":[{"href":"https:\/\/www.derblitzdings.de\/index.php\/wp-json\/wp\/v2\/pages\/76","targetHints":{"allow":["GET"]}}],"collection":[{"href":"https:\/\/www.derblitzdings.de\/index.php\/wp-json\/wp\/v2\/pages"}],"about":[{"href":"https:\/\/www.derblitzdings.de\/index.php\/wp-json\/wp\/v2\/types\/page"}],"author":[{"embeddable":true,"href":"https:\/\/www.derblitzdings.de\/index.php\/wp-json\/wp\/v2\/users\/1"}],"replies":[{"embeddable":true,"href":"https:\/\/www.derblitzdings.de\/index.php\/wp-json\/wp\/v2\/comments?post=76"}],"version-history":[{"count":0,"href":"https:\/\/www.derblitzdings.de\/index.php\/wp-json\/wp\/v2\/pages\/76\/revisions"}],"wp:featuredmedia":[{"embeddable":true,"href":"https:\/\/www.derblitzdings.de\/index.php\/wp-json\/wp\/v2\/media\/22830"}],"wp:attachment":[{"href":"https:\/\/www.derblitzdings.de\/index.php\/wp-json\/wp\/v2\/media?parent=76"}],"curies":[{"name":"wp","href":"https:\/\/api.w.org\/{rel}","templated":true}]}}